{"id":2,"date":"2024-12-13T17:20:42","date_gmt":"2024-12-13T17:20:42","guid":{"rendered":"https:\/\/niemeit.com\/?page_id=2"},"modified":"2024-12-28T18:44:13","modified_gmt":"2024-12-28T18:44:13","slug":"sample-page","status":"publish","type":"page","link":"https:\/\/niemeit.com\/?page_id=2","title":{"rendered":"Qui sommes-nous"},"content":{"rendered":"<p><sup>Nous sommes une \u00e9quipe <strong>d&rsquo;experts en IT<\/strong> , passionn\u00e9s par les technologies de pointe et d\u00e9vou\u00e9s \u00e0 accompagner les entreprises dans leurs projets strat\u00e9giques.<\/sup><\/p><p><sup>Si vous envisagez une <strong>migration vers le cloud (Move to Cloud)<\/strong> ou souhaitez <strong>optimiser et g\u00e9rer votre infrastructure sur Azure<\/strong>, notre \u00e9quipe est pr\u00eate \u00e0 vous offrir des solutions sur mesure, combinant <strong>expertise technique<\/strong> et <strong>approche personnalis\u00e9e<\/strong>.<\/sup><\/p><p><sup>Notre mission ? Assurer une transition vers le cloud <strong>simple, efficace et s\u00e9curis\u00e9e<\/strong>, tout en garantissant la performance, la scalabilit\u00e9 et la fiabilit\u00e9 de vos infrastructures IT.<\/sup><\/p><p><strong><a href=\"https:\/\/niemeit.com\/?page_id=129\" data-type=\"page\" data-id=\"129\"><em><mark style=\"background-color:rgba(0, 0, 0, 0)\" class=\"has-inline-color has-accent-3-color\">Nos services<\/mark><\/em><\/a><\/strong><\/p><figure class=\"wp-block-image size-large is-resized\"><a href=\"https:\/\/niemeit.com\/?page_id=129\"><img loading=\"lazy\" decoding=\"async\" width=\"1024\" height=\"576\" src=\"https:\/\/niemeit.com\/wp-content\/uploads\/2024\/12\/Nieme_Site_2-1024x576.jpg\" alt=\"\" class=\"wp-image-50\" style=\"width:236px;height:auto\" srcset=\"https:\/\/niemeit.com\/wp-content\/uploads\/2024\/12\/Nieme_Site_2-1024x576.jpg 1024w, https:\/\/niemeit.com\/wp-content\/uploads\/2024\/12\/Nieme_Site_2-300x169.jpg 300w, https:\/\/niemeit.com\/wp-content\/uploads\/2024\/12\/Nieme_Site_2-768x432.jpg 768w, https:\/\/niemeit.com\/wp-content\/uploads\/2024\/12\/Nieme_Site_2-1536x864.jpg 1536w, https:\/\/niemeit.com\/wp-content\/uploads\/2024\/12\/Nieme_Site_2-18x10.jpg 18w, https:\/\/niemeit.com\/wp-content\/uploads\/2024\/12\/Nieme_Site_2-600x338.jpg 600w, https:\/\/niemeit.com\/wp-content\/uploads\/2024\/12\/Nieme_Site_2.jpg 1920w\" sizes=\"auto, (max-width: 1024px) 100vw, 1024px\" \/><\/a><\/figure><p>\ud83d\udce7 <strong>Contactez nous d\u00e8s aujourd&rsquo;hui<\/strong> <\/p><div class='fluentform ff-default fluentform_wrapper_1 ffs_default_wrap'><form data-form_id=\"1\" id=\"fluentform_1\" class=\"frm-fluent-form fluent_form_1 ff-el-form-top ff_form_instance_1_1 ff-form-loading ffs_default\" data-form_instance=\"ff_form_instance_1_1\" method=\"POST\" ><fieldset  style=\"border: none!important;margin: 0!important;padding: 0!important;background-color: transparent!important;box-shadow: none!important;outline: none!important; min-inline-size: 100%;\">\n                    <legend class=\"ff_screen_reader_title\" style=\"display: block; margin: 0!important;padding: 0!important;height: 0!important;text-indent: -999999px;width: 0!important;overflow:hidden;\">Nous Contacter<\/legend><p style=\"display: none !important;\" class=\"akismet-fields-container\" data-prefix=\"ak_\"><label>&#916;<textarea name=\"ak_hp_textarea\" cols=\"45\" rows=\"8\" maxlength=\"100\"><\/textarea><\/label><input type=\"hidden\" id=\"ak_js_1\" name=\"ak_js\" value=\"136\"\/><script>document.getElementById( \"ak_js_1\" ).setAttribute( \"value\", ( new Date() ).getTime() );<\/script><\/p><input type='hidden' name='__fluent_form_embded_post_id' value='2' \/><input type=\"hidden\" id=\"_fluentform_1_fluentformnonce\" name=\"_fluentform_1_fluentformnonce\" value=\"92181265a2\" \/><input type=\"hidden\" name=\"_wp_http_referer\" value=\"\/index.php?rest_route=%2Fwp%2Fv2%2Fpages%2F2\" \/><div data-type=\"name-element\" data-name=\"names\" class=\" ff-field_container ff-name-field-wrapper\" ><div class='ff-t-container'><div class='ff-t-cell '><div class='ff-el-group'><div class=\"ff-el-input--label asterisk-right\"><label for='ff_1_names_first_name_' id='label_ff_1_names_first_name_' >First Name<\/label><\/div><div class='ff-el-input--content'><input type=\"text\" name=\"names[first_name]\" id=\"ff_1_names_first_name_\" class=\"ff-el-form-control\" placeholder=\"First Name\" aria-invalid=\"false\" aria-required=false><\/div><\/div><\/div><div class='ff-t-cell '><div class='ff-el-group'><div class=\"ff-el-input--label asterisk-right\"><label for='ff_1_names_last_name_' id='label_ff_1_names_last_name_' >Last Name<\/label><\/div><div class='ff-el-input--content'><input type=\"text\" name=\"names[last_name]\" id=\"ff_1_names_last_name_\" class=\"ff-el-form-control\" placeholder=\"Last Name\" aria-invalid=\"false\" aria-required=false><\/div><\/div><\/div><\/div><\/div><div class='ff-el-group'><div class=\"ff-el-input--label ff-el-is-required asterisk-right\"><label for='ff_1_dropdown' id='label_ff_1_dropdown' aria-label=\"Project Services\">Project Services<\/label><\/div><div class='ff-el-input--content'><select name=\"dropdown\" id=\"ff_1_dropdown\" class=\"ff-el-form-control\" data-name=\"dropdown\" data-calc_value=\"0\"  aria-invalid=\"false\" aria-required=\"true\" aria-labelledby=\"label_ff_1_dropdown\"><option value=\"\">Choix du service souhait\u00e9<\/option><option value=\"1. Cloud Starter\"  selected>1. Cloud Starter<\/option><option value=\"2. Cloud Essentials\"  >2. Cloud Essentials<\/option><option value=\"3. Cloud Pro Move\"  >3. Cloud Pro Move<\/option><option value=\"4. Cloud Re-Imagine\"  >4. Cloud Re-Imagine<\/option><option value=\"5. Cloud Infinity\"  >5. Cloud Infinity<\/option><option value=\"Not needed\"  >Not needed<\/option><\/select><\/div><\/div><div class='ff-el-group'><div class=\"ff-el-input--label ff-el-is-required asterisk-right\"><label for='ff_1_dropdown_1' id='label_ff_1_dropdown_1' aria-label=\"Support Services\">Support Services<\/label><\/div><div class='ff-el-input--content'><select name=\"dropdown_1\" id=\"ff_1_dropdown_1\" class=\"ff-el-form-control\" data-name=\"dropdown_1\" data-calc_value=\"0\"  aria-invalid=\"false\" aria-required=\"true\" aria-labelledby=\"label_ff_1_dropdown_1\"><option value=\"\">- Select -<\/option><option value=\"A. Support Essentiel\"  >A. Support Essentiel<\/option><option value=\"B. Support Avanc\u00e9 \"  >B. Support Avanc\u00e9<\/option><option value=\"C. Support Premium\"  >C. Support Premium<\/option><option value=\"Not needed\"  >Not needed<\/option><\/select><\/div><\/div><div class='ff-el-group'><div class=\"ff-el-input--label ff-el-is-required asterisk-right\"><label for='ff_1_email' id='label_ff_1_email' aria-label=\"Email\">Email<\/label><\/div><div class='ff-el-input--content'><input type=\"email\" name=\"email\" id=\"ff_1_email\" class=\"ff-el-form-control\" placeholder=\"Email Address\" data-name=\"email\"  aria-invalid=\"false\" aria-required=true><\/div><\/div><div class='ff-el-group'><div class=\"ff-el-input--label asterisk-right\"><label for='ff_1_subject' id='label_ff_1_subject' aria-label=\"Subject\">Subject<\/label><\/div><div class='ff-el-input--content'><input type=\"text\" name=\"subject\" class=\"ff-el-form-control\" placeholder=\"Subject\" data-name=\"subject\" id=\"ff_1_subject\"  aria-invalid=\"false\" aria-required=false><\/div><\/div><div class='ff-el-group'><div class=\"ff-el-input--label ff-el-is-required asterisk-right\"><label for='ff_1_message' id='label_ff_1_message' aria-label=\"Your Message\">Your Message<\/label><\/div><div class='ff-el-input--content'><textarea aria-required=\"true\" aria-labelledby=\"label_ff_1_message\" name=\"message\" id=\"ff_1_message\" class=\"ff-el-form-control\" placeholder=\"Your Message\" rows=\"4\" cols=\"2\" data-name=\"message\" ><\/textarea><\/div><\/div><div class='ff-el-group ff-text-left ff_submit_btn_wrapper'><button type=\"submit\" class=\"ff-btn ff-btn-submit ff-btn-md ff_btn_style\"  aria-label=\"Send\">Send<\/button><\/div><\/fieldset><\/form><div id='fluentform_1_errors' class='ff-errors-in-stack ff_form_instance_1_1 ff-form-loading_errors ff_form_instance_1_1_errors'><\/div><\/div>            <script type=\"text\/javascript\">\n                window.fluent_form_ff_form_instance_1_1 = {\"id\":\"1\",\"settings\":{\"layout\":{\"labelPlacement\":\"top\",\"helpMessagePlacement\":\"with_label\",\"errorMessagePlacement\":\"inline\",\"cssClassName\":\"\",\"asteriskPlacement\":\"asterisk-right\"},\"restrictions\":{\"denyEmptySubmission\":{\"enabled\":false}}},\"form_instance\":\"ff_form_instance_1_1\",\"form_id_selector\":\"fluentform_1\",\"rules\":{\"names[first_name]\":{\"required\":{\"value\":false,\"message\":\"This field is required\",\"global\":false,\"global_message\":\"Ce champ est obligatoire\"}},\"names[middle_name]\":{\"required\":{\"value\":false,\"message\":\"This field is required\",\"global\":false,\"global_message\":\"Ce champ est obligatoire\"}},\"names[last_name]\":{\"required\":{\"value\":false,\"message\":\"This field is required\",\"global\":false,\"global_message\":\"Ce champ est obligatoire\"}},\"dropdown\":{\"required\":{\"value\":true,\"message\":\"Ce champ est obligatoire\",\"global_message\":\"Ce champ est obligatoire\",\"global\":true}},\"dropdown_1\":{\"required\":{\"value\":true,\"message\":\"Ce champ est obligatoire\",\"global_message\":\"Ce champ est obligatoire\",\"global\":true}},\"email\":{\"required\":{\"value\":true,\"message\":\"This field is required\",\"global\":false,\"global_message\":\"Ce champ est obligatoire\"},\"email\":{\"value\":true,\"message\":\"This field must contain a valid email\",\"global\":false,\"global_message\":\"Ce champ doit contenir un e-mail valide\"}},\"subject\":{\"required\":{\"value\":false,\"message\":\"This field is required\",\"global\":false,\"global_message\":\"Ce champ est obligatoire\"}},\"message\":{\"required\":{\"value\":true,\"message\":\"This field is required\",\"global\":false,\"global_message\":\"Ce champ est obligatoire\"}}},\"debounce_time\":300};\n                            <\/script>\n            ","protected":false},"excerpt":{"rendered":"<p>Nous sommes une \u00e9quipe d&rsquo;experts en IT , passionn\u00e9s par les technologies de pointe et d\u00e9vou\u00e9s \u00e0 accompagner les entreprises dans leurs projets strat\u00e9giques. Si vous envisagez une migration vers le cloud (Move to Cloud) ou souhaitez optimiser et g\u00e9rer votre infrastructure sur Azure, notre \u00e9quipe est pr\u00eate \u00e0 vous offrir des solutions sur mesure, [&hellip;]<\/p>\n","protected":false},"author":1,"featured_media":0,"parent":0,"menu_order":0,"comment_status":"closed","ping_status":"open","template":"","meta":{"footnotes":""},"class_list":["post-2","page","type-page","status-publish","hentry"],"_links":{"self":[{"href":"https:\/\/niemeit.com\/index.php?rest_route=\/wp\/v2\/pages\/2","targetHints":{"allow":["GET"]}}],"collection":[{"href":"https:\/\/niemeit.com\/index.php?rest_route=\/wp\/v2\/pages"}],"about":[{"href":"https:\/\/niemeit.com\/index.php?rest_route=\/wp\/v2\/types\/page"}],"author":[{"embeddable":true,"href":"https:\/\/niemeit.com\/index.php?rest_route=\/wp\/v2\/users\/1"}],"replies":[{"embeddable":true,"href":"https:\/\/niemeit.com\/index.php?rest_route=%2Fwp%2Fv2%2Fcomments&post=2"}],"version-history":[{"count":5,"href":"https:\/\/niemeit.com\/index.php?rest_route=\/wp\/v2\/pages\/2\/revisions"}],"predecessor-version":[{"id":284,"href":"https:\/\/niemeit.com\/index.php?rest_route=\/wp\/v2\/pages\/2\/revisions\/284"}],"wp:attachment":[{"href":"https:\/\/niemeit.com\/index.php?rest_route=%2Fwp%2Fv2%2Fmedia&parent=2"}],"curies":[{"name":"wp","href":"https:\/\/api.w.org\/{rel}","templated":true}]}}